{"id":2428,"date":"2015-08-12T15:43:02","date_gmt":"2015-08-12T14:43:02","guid":{"rendered":"https:\/\/chrislangtest.online\/novels-2\/"},"modified":"2024-05-27T20:19:22","modified_gmt":"2024-05-27T19:19:22","slug":"novels","status":"publish","type":"page","link":"https:\/\/www.forwardtranslations.co.uk\/de\/novels\/","title":{"rendered":"Literatur"},"content":{"rendered":"<p><span class=\"HwtZe\" lang=\"de\">Ich \u00fcbersetze ein breites Spektrum an Belletristik &#8211; von Kriminalromanen (einschlie\u00dflich der Dagger Winning Charity Series) \u00fcber Fantasy bis hin zu Kinder- und Jugendliteratur.<br \/>\n<\/span><\/p>\n<p><span class=\"HwtZe\" lang=\"de\"><span class=\"jCAhz ChMk0b\"><span class=\"ryNqvb\">Klicken Sie auf ein Bild, um mehr \u00fcber das Buch zu erfahren.<\/span><\/span><\/span><\/p>\n<hr \/>\n<div class=\"pt-cv-wrapper\"><div class=\"cvp-live-filter cvp-button \" id=\"\" data-name=\"tx_category\" data-sid=\"09eacb7r7j\" data-isblock=\"\" data-postid=\"\"><label class=\"cvp-label\">Category<\/label><div class=\"btn\"><label><input type=\"radio\" name=\"tx_category\" value=\"\" checked\/><div>Alle B\u00fccher<\/div><\/label><\/div><div class=\"btn\"><label><input type=\"radio\" name=\"tx_category\" value=\"nea-fox-de\" \/><div>Nea Fox<\/div><\/label><\/div><div class=\"btn\"><label><input type=\"radio\" name=\"tx_category\" value=\"contemporary-de\" \/><div>Literatur<\/div><\/label><\/div><div class=\"btn\"><label><input type=\"radio\" name=\"tx_category\" value=\"crime-de\" \/><div>Crime Fiction<\/div><\/label><\/div><div class=\"btn\"><label><input type=\"radio\" name=\"tx_category\" value=\"riley-de\" \/><div>Chastity Riley<\/div><\/label><\/div><div class=\"btn\"><label><input type=\"radio\" name=\"tx_category\" value=\"romance-de\" \/><div>Romance<\/div><\/label><\/div><\/div><div class=\"pt-cv-view pt-cv-grid pt-cv-colsys pt-cv-same-height cvp-lfres\" id=\"pt-cv-view-09eacb7r7j\"><div data-id=\"pt-cv-page-1\" class=\"pt-cv-page\" data-cvc=\"4\" data-cvct=\"3\" data-cvcm=\"2\"><div class=\"col-md-3 col-sm-4 col-xs-6 pt-cv-content-item pt-cv-1-col\"  data-pid=\"5195\"><div class='pt-cv-ifield'><h4 class=\"pt-cv-title\"><a href=\"https:\/\/www.forwardtranslations.co.uk\/de\/sharks\/\" class=\"_self cvplbd\" target=\"_self\" >Sharks<\/a><\/h4>\n<a href=\"https:\/\/www.forwardtranslations.co.uk\/de\/sharks\/\" class=\"_self pt-cv-href-thumbnail pt-cv-thumb-default cvplbd cvp-responsive-image img-thumbnail\" target=\"_self\" data-iw=\"300\" data-ih=\"461\"><img decoding=\"async\" width=\"300\" src=\"https:\/\/www.forwardtranslations.co.uk\/wp-content\/uploads\/2026\/02\/9781917764087.webp\" class=\"pt-cv-thumbnail img-thumbnail cvp-substitute skip-lazy \" alt=\"Cover of Sharks, neon sign style text and image of a bunch of keys inside a shark&#039;s open mouth, against the Hamburg skyline\" title=\"\" \/><\/a><\/div><\/div>\n<div class=\"col-md-3 col-sm-4 col-xs-6 pt-cv-content-item pt-cv-1-col\"  data-pid=\"5183\"><div class='pt-cv-ifield'><h4 class=\"pt-cv-title\"><a href=\"https:\/\/www.forwardtranslations.co.uk\/de\/save-us-maxton-hall-3\/\" class=\"_self cvplbd\" target=\"_self\" data-iw=\"300\" data-ih=\"461\">Save Us, Maxton Hall 3<\/a><\/h4>\n<a href=\"https:\/\/www.forwardtranslations.co.uk\/de\/save-us-maxton-hall-3\/\" class=\"_self pt-cv-href-thumbnail pt-cv-thumb-default cvplbd cvp-responsive-image img-thumbnail\" target=\"_self\" data-iw=\"300\" data-ih=\"461\"><img decoding=\"async\" width=\"300\" src=\"https:\/\/www.forwardtranslations.co.uk\/wp-content\/uploads\/2026\/01\/Save-Us.webp\" class=\"pt-cv-thumbnail img-thumbnail cvp-substitute skip-lazy \" alt=\"Save Us, Mona Kasten\" title=\"\" \/><\/a><\/div><\/div>\n<div class=\"col-md-3 col-sm-4 col-xs-6 pt-cv-content-item pt-cv-1-col\"  data-pid=\"5170\"><div class='pt-cv-ifield'><h4 class=\"pt-cv-title\"><a href=\"https:\/\/www.forwardtranslations.co.uk\/de\/save-you-maxton-hall-2\/\" class=\"_self cvplbd\" target=\"_self\" data-iw=\"300\" data-ih=\"461\">Save You, Maxton Hall 2<\/a><\/h4>\n<a href=\"https:\/\/www.forwardtranslations.co.uk\/de\/save-you-maxton-hall-2\/\" class=\"_self pt-cv-href-thumbnail pt-cv-thumb-default cvplbd cvp-responsive-image img-thumbnail\" target=\"_self\" data-iw=\"300\" data-ih=\"461\"><img decoding=\"async\" width=\"300\" src=\"https:\/\/www.forwardtranslations.co.uk\/wp-content\/uploads\/2026\/01\/9781405976961-jacket-large.webp\" class=\"pt-cv-thumbnail img-thumbnail cvp-substitute skip-lazy \" alt=\"Save You Mona Kasten\" title=\"\" \/><\/a><\/div><\/div>\n<div class=\"col-md-3 col-sm-4 col-xs-6 pt-cv-content-item pt-cv-1-col\"  data-pid=\"5160\"><div class='pt-cv-ifield'><h4 class=\"pt-cv-title\"><a href=\"https:\/\/www.forwardtranslations.co.uk\/de\/save-me-maxton-hall-1\/\" class=\"_self cvplbd\" target=\"_self\" data-iw=\"300\" data-ih=\"461\">Save Me, Maxton Hall 1<\/a><\/h4>\n<a href=\"https:\/\/www.forwardtranslations.co.uk\/de\/save-me-maxton-hall-1\/\" class=\"_self pt-cv-href-thumbnail pt-cv-thumb-default cvplbd cvp-responsive-image img-thumbnail\" target=\"_self\" data-iw=\"300\" data-ih=\"461\"><img decoding=\"async\" width=\"300\" src=\"https:\/\/www.forwardtranslations.co.uk\/wp-content\/uploads\/2025\/08\/Save-Me-MH1.jpg\" class=\"pt-cv-thumbnail img-thumbnail cvp-substitute skip-lazy \" alt=\"Book cover of Save Me by Mona Kasten\" title=\"\" \/><\/a><\/div><\/div>\n<div class=\"col-md-3 col-sm-4 col-xs-6 pt-cv-content-item pt-cv-1-col\"  data-pid=\"5085\"><div class='pt-cv-ifield'><h4 class=\"pt-cv-title\"><a href=\"https:\/\/www.forwardtranslations.co.uk\/de\/der-grosse-sommer\/\" class=\"_self cvplbd\" target=\"_self\" data-iw=\"300\" data-ih=\"461\">Der gro\u00dfe Sommer<\/a><\/h4>\n<a href=\"https:\/\/www.forwardtranslations.co.uk\/de\/der-grosse-sommer\/\" class=\"_self pt-cv-href-thumbnail pt-cv-thumb-default cvplbd cvp-responsive-image img-thumbnail\" target=\"_self\" data-iw=\"300\" data-ih=\"461\"><img decoding=\"async\" width=\"300\" src=\"https:\/\/www.forwardtranslations.co.uk\/wp-content\/uploads\/2024\/07\/One-Grand-Summer.webp\" class=\"pt-cv-thumbnail img-thumbnail cvp-substitute skip-lazy \" alt=\"Der gro\u00dfe Sommer\" title=\"\" \/><\/a><\/div><\/div>\n<div class=\"col-md-3 col-sm-4 col-xs-6 pt-cv-content-item pt-cv-1-col\"  data-pid=\"4808\"><div class='pt-cv-ifield'><h4 class=\"pt-cv-title\"><a href=\"https:\/\/www.forwardtranslations.co.uk\/de\/mexikoring\/\" class=\"_self cvplbd\" target=\"_self\" data-iw=\"300\" data-ih=\"461\">Mexikoring<\/a><\/h4>\n<a href=\"https:\/\/www.forwardtranslations.co.uk\/de\/mexikoring\/\" class=\"_self pt-cv-href-thumbnail pt-cv-thumb-default cvplbd cvp-responsive-image img-thumbnail\" target=\"_self\" data-iw=\"300\" data-ih=\"461\"><img decoding=\"async\" width=\"300\" src=\"https:\/\/www.forwardtranslations.co.uk\/wp-content\/uploads\/2024\/07\/9781913193157.jpg\" class=\"pt-cv-thumbnail img-thumbnail cvp-substitute skip-lazy \" alt=\"Mexikoring\" title=\"\" \/><\/a><\/div><\/div>\n<div class=\"col-md-3 col-sm-4 col-xs-6 pt-cv-content-item pt-cv-1-col\"  data-pid=\"4795\"><div class='pt-cv-ifield'><h4 class=\"pt-cv-title\"><a href=\"https:\/\/www.forwardtranslations.co.uk\/de\/beton-rouge\/\" class=\"_self cvplbd\" target=\"_self\" data-iw=\"300\" data-ih=\"461\">Beton Rouge<\/a><\/h4>\n<a href=\"https:\/\/www.forwardtranslations.co.uk\/de\/beton-rouge\/\" class=\"_self pt-cv-href-thumbnail pt-cv-thumb-default cvplbd cvp-responsive-image img-thumbnail\" target=\"_self\" data-iw=\"300\" data-ih=\"461\"><img decoding=\"async\" width=\"300\" src=\"https:\/\/www.forwardtranslations.co.uk\/wp-content\/uploads\/2024\/07\/9781912374595.jpg\" class=\"pt-cv-thumbnail img-thumbnail cvp-substitute skip-lazy \" alt=\"Beton Rouge\" title=\"\" \/><\/a><\/div><\/div>\n<div class=\"col-md-3 col-sm-4 col-xs-6 pt-cv-content-item pt-cv-1-col\"  data-pid=\"4763\"><div class='pt-cv-ifield'><h4 class=\"pt-cv-title\"><a href=\"https:\/\/www.forwardtranslations.co.uk\/de\/anywhere\/\" class=\"_self cvplbd\" target=\"_self\" data-iw=\"300\" data-ih=\"461\">Anywhere<\/a><\/h4>\n<a href=\"https:\/\/www.forwardtranslations.co.uk\/de\/anywhere\/\" class=\"_self pt-cv-href-thumbnail pt-cv-thumb-default cvplbd cvp-responsive-image img-thumbnail\" target=\"_self\" data-iw=\"300\" data-ih=\"461\"><img decoding=\"async\" width=\"300\" src=\"https:\/\/forwardtranslations.co.uk\/wp-content\/uploads\/2024\/07\/Anywhere.webp\" class=\"pt-cv-thumbnail img-thumbnail cvp-substitute skip-lazy \" alt=\"Anywhere\" title=\"\" \/><\/a><\/div><\/div>\n<div class=\"col-md-3 col-sm-4 col-xs-6 pt-cv-content-item pt-cv-1-col\"  data-pid=\"4765\"><div class='pt-cv-ifield'><h4 class=\"pt-cv-title\"><a href=\"https:\/\/www.forwardtranslations.co.uk\/de\/knastpralinen\/\" class=\"_self cvplbd\" target=\"_self\" data-iw=\"300\" data-ih=\"461\">Knastpralinen<\/a><\/h4>\n<a href=\"https:\/\/www.forwardtranslations.co.uk\/de\/knastpralinen\/\" class=\"_self pt-cv-href-thumbnail pt-cv-thumb-default cvplbd cvp-responsive-image img-thumbnail\" target=\"_self\" data-iw=\"300\" data-ih=\"461\"><img decoding=\"async\" width=\"300\" src=\"https:\/\/forwardtranslations.co.uk\/wp-content\/uploads\/2024\/07\/The-Kitchen.webp\" class=\"pt-cv-thumbnail img-thumbnail cvp-substitute skip-lazy \" alt=\"Knastpralinen\" title=\"\" \/><\/a><\/div><\/div>\n<div class=\"col-md-3 col-sm-4 col-xs-6 pt-cv-content-item pt-cv-1-col\"  data-pid=\"4767\"><div class='pt-cv-ifield'><h4 class=\"pt-cv-title\"><a href=\"https:\/\/www.forwardtranslations.co.uk\/de\/revolverherz\/\" class=\"_self cvplbd\" target=\"_self\" data-iw=\"300\" data-ih=\"461\">Revolverherz<\/a><\/h4>\n<a href=\"https:\/\/www.forwardtranslations.co.uk\/de\/revolverherz\/\" class=\"_self pt-cv-href-thumbnail pt-cv-thumb-default cvplbd cvp-responsive-image img-thumbnail\" target=\"_self\" data-iw=\"300\" data-ih=\"461\"><img decoding=\"async\" width=\"300\" src=\"https:\/\/forwardtranslations.co.uk\/wp-content\/uploads\/2024\/07\/The-Acapulco.webp\" class=\"pt-cv-thumbnail img-thumbnail cvp-substitute skip-lazy \" alt=\"Revolverherz\" title=\"\" \/><\/a><\/div><\/div>\n<div class=\"col-md-3 col-sm-4 col-xs-6 pt-cv-content-item pt-cv-1-col\"  data-pid=\"4945\"><div class='pt-cv-ifield'><h4 class=\"pt-cv-title\"><a href=\"https:\/\/www.forwardtranslations.co.uk\/de\/alte-sorten\/\" class=\"_self cvplbd\" target=\"_self\" data-iw=\"300\" data-ih=\"461\">Alte Sorten<\/a><\/h4>\n<a href=\"https:\/\/www.forwardtranslations.co.uk\/de\/alte-sorten\/\" class=\"_self pt-cv-href-thumbnail pt-cv-thumb-default cvplbd cvp-responsive-image img-thumbnail\" target=\"_self\" data-iw=\"300\" data-ih=\"461\"><img decoding=\"async\" width=\"300\" src=\"https:\/\/forwardtranslations.co.uk\/wp-content\/uploads\/2024\/03\/Screenshot-2024-03-22-at-16-00-14-Tasting-Sunlight-The-uplifting-exquisite-BREAKOUT-BESTSELLER-Amazon.co_.uk-Arenz-Ewald-Ward-Rachel-9781914585142-Books-475x730.png\" class=\"pt-cv-thumbnail img-thumbnail cvp-substitute skip-lazy \" alt=\"Alte Sorten\" title=\"\" \/><\/a><\/div><\/div>\n<div class=\"col-md-3 col-sm-4 col-xs-6 pt-cv-content-item pt-cv-1-col\"  data-pid=\"2390\"><div class='pt-cv-ifield'><h4 class=\"pt-cv-title\"><a href=\"https:\/\/www.forwardtranslations.co.uk\/de\/river-clyde\/\" class=\"_self cvplbd\" target=\"_self\" data-iw=\"300\" data-ih=\"461\">River Clyde<\/a><\/h4>\n<a href=\"https:\/\/www.forwardtranslations.co.uk\/de\/river-clyde\/\" class=\"_self pt-cv-href-thumbnail pt-cv-thumb-default cvplbd cvp-responsive-image img-thumbnail\" target=\"_self\" data-iw=\"300\" data-ih=\"461\"><img decoding=\"async\" width=\"300\" src=\"https:\/\/forwardtranslations.co.uk\/wp-content\/uploads\/2024\/03\/Screenshot-2024-03-16-at-19-36-07-RIVER-CLYDE-The-word-of-mouth-BESTSELLER-Chastity-Riley-Book-5-eBook-Buchholz-Simone-Ward-Rachel-Amazon.co_.uk-Kindle-Store-475x730.png\" class=\"pt-cv-thumbnail img-thumbnail cvp-substitute skip-lazy \" alt=\"River Clyde\" title=\"\" \/><\/a><\/div><\/div>\n<div class=\"col-md-3 col-sm-4 col-xs-6 pt-cv-content-item pt-cv-1-col\"  data-pid=\"2392\"><div class='pt-cv-ifield'><h4 class=\"pt-cv-title\"><a href=\"https:\/\/www.forwardtranslations.co.uk\/de\/hotel-cartagena\/\" class=\"_self cvplbd\" target=\"_self\" data-iw=\"300\" data-ih=\"461\">Hotel Cartagena<\/a><\/h4>\n<a href=\"https:\/\/www.forwardtranslations.co.uk\/de\/hotel-cartagena\/\" class=\"_self pt-cv-href-thumbnail pt-cv-thumb-default cvplbd cvp-responsive-image img-thumbnail\" target=\"_self\" data-iw=\"300\" data-ih=\"461\"><img decoding=\"async\" width=\"300\" src=\"https:\/\/www.forwardtranslations.co.uk\/wp-content\/uploads\/2024\/03\/9781913193546.webp\" class=\"pt-cv-thumbnail img-thumbnail cvp-substitute skip-lazy \" alt=\"Hotel Cartagena\" title=\"\" \/><\/a><\/div><\/div>\n<div class=\"col-md-3 col-sm-4 col-xs-6 pt-cv-content-item pt-cv-1-col\"  data-pid=\"2394\"><div class='pt-cv-ifield'><h4 class=\"pt-cv-title\"><a href=\"https:\/\/www.forwardtranslations.co.uk\/de\/blue-night\/\" class=\"_self cvplbd\" target=\"_self\" data-iw=\"300\" data-ih=\"461\">Blaue Nacht<\/a><\/h4>\n<a href=\"https:\/\/www.forwardtranslations.co.uk\/de\/blue-night\/\" class=\"_self pt-cv-href-thumbnail pt-cv-thumb-default cvplbd cvp-responsive-image img-thumbnail\" target=\"_self\" data-iw=\"300\" data-ih=\"461\"><img decoding=\"async\" width=\"300\" src=\"https:\/\/www.forwardtranslations.co.uk\/wp-content\/uploads\/2024\/03\/Screenshot-2024-03-16-at-19-36-13-Blue-Night-Chastity-Riley-Book-1-eBook-Buchholz-Simone-Ward-Rachel-Amazon.co_.uk-Kindle-Store-475x729.png\" class=\"pt-cv-thumbnail img-thumbnail cvp-substitute skip-lazy \" alt=\"Blaue Nacht\" title=\"\" \/><\/a><\/div><\/div>\n<div class=\"col-md-3 col-sm-4 col-xs-6 pt-cv-content-item pt-cv-1-col\"  data-pid=\"2398\"><div class='pt-cv-ifield'><h4 class=\"pt-cv-title\"><a href=\"https:\/\/www.forwardtranslations.co.uk\/de\/the-pearl-dragon-by-amelia-ellis\/\" class=\"_self cvplbd\" target=\"_self\" data-iw=\"300\" data-ih=\"461\">Der Perldrache<\/a><\/h4>\n<a href=\"https:\/\/www.forwardtranslations.co.uk\/de\/the-pearl-dragon-by-amelia-ellis\/\" class=\"_self pt-cv-href-thumbnail pt-cv-thumb-default cvplbd cvp-responsive-image img-thumbnail\" target=\"_self\" data-iw=\"300\" data-ih=\"461\"><img decoding=\"async\" width=\"300\" src=\"https:\/\/forwardtranslations.co.uk\/wp-content\/uploads\/2024\/03\/Screenshot-2024-03-14-at-18-38-20-The-Pearl-Dragon-Nea-Fox-Book-4-eBook-Ellis-Amelia-Ward-Rachel-Amazon.co_.uk-Kindle-Store-1-475x706.png\" class=\"pt-cv-thumbnail img-thumbnail cvp-substitute skip-lazy \" alt=\"Der Perldrache\" title=\"\" \/><\/a><\/div><\/div>\n<div class=\"col-md-3 col-sm-4 col-xs-6 pt-cv-content-item pt-cv-1-col\"  data-pid=\"2400\"><div class='pt-cv-ifield'><h4 class=\"pt-cv-title\"><a href=\"https:\/\/www.forwardtranslations.co.uk\/de\/the-fourth-aspect-by-amelia-ellis\/\" class=\"_self cvplbd\" target=\"_self\" data-iw=\"300\" data-ih=\"461\">Der vierte Aspekt<\/a><\/h4>\n<a href=\"https:\/\/www.forwardtranslations.co.uk\/de\/the-fourth-aspect-by-amelia-ellis\/\" class=\"_self pt-cv-href-thumbnail pt-cv-thumb-default cvplbd cvp-responsive-image img-thumbnail\" target=\"_self\" data-iw=\"300\" data-ih=\"461\"><img decoding=\"async\" width=\"300\" src=\"https:\/\/forwardtranslations.co.uk\/wp-content\/uploads\/2024\/03\/Screenshot-2024-03-14-at-18-38-07-The-Fourth-Aspect-Nea-Fox-Book-3-eBook-Ellis-Amelia-Ward-Rachel-Amazon.co_.uk-Kindle-Store-1-475x706.png\" class=\"pt-cv-thumbnail img-thumbnail cvp-substitute skip-lazy \" alt=\"Der vierte Aspekt\" title=\"\" \/><\/a><\/div><\/div>\n<div class=\"col-md-3 col-sm-4 col-xs-6 pt-cv-content-item pt-cv-1-col\"  data-pid=\"2402\"><div class='pt-cv-ifield'><h4 class=\"pt-cv-title\"><a href=\"https:\/\/www.forwardtranslations.co.uk\/de\/lilies-on-sand-by-amelia-ellis\/\" class=\"_self cvplbd\" target=\"_self\" data-iw=\"300\" data-ih=\"461\">Die Lilien im Sand<\/a><\/h4>\n<a href=\"https:\/\/www.forwardtranslations.co.uk\/de\/lilies-on-sand-by-amelia-ellis\/\" class=\"_self pt-cv-href-thumbnail pt-cv-thumb-default cvplbd cvp-responsive-image img-thumbnail\" target=\"_self\" data-iw=\"300\" data-ih=\"461\"><img decoding=\"async\" width=\"300\" src=\"https:\/\/forwardtranslations.co.uk\/wp-content\/uploads\/2024\/03\/Screenshot-2024-03-14-at-18-37-48-Lilies-on-Sand-Nea-Fox-Book-2-eBook-Ellis-Amelia-Ward-Rachel-Amazon.co_.uk-Kindle-Store-1-475x706.png\" class=\"pt-cv-thumbnail img-thumbnail cvp-substitute skip-lazy \" alt=\"Die Lilien im Sand\" title=\"\" \/><\/a><\/div><\/div>\n<div class=\"col-md-3 col-sm-4 col-xs-6 pt-cv-content-item pt-cv-1-col\"  data-pid=\"2404\"><div class='pt-cv-ifield'><h4 class=\"pt-cv-title\"><a href=\"https:\/\/www.forwardtranslations.co.uk\/de\/the-lions-circle-by-amelia-ellis\/\" class=\"_self cvplbd\" target=\"_self\" data-iw=\"300\" data-ih=\"461\">Der Kreis des L\u00f6wen<\/a><\/h4>\n<a href=\"https:\/\/www.forwardtranslations.co.uk\/de\/the-lions-circle-by-amelia-ellis\/\" class=\"_self pt-cv-href-thumbnail pt-cv-thumb-default cvplbd cvp-responsive-image img-thumbnail\" target=\"_self\" data-iw=\"300\" data-ih=\"461\"><img decoding=\"async\" width=\"300\" src=\"https:\/\/forwardtranslations.co.uk\/wp-content\/uploads\/2024\/03\/Screenshot-2024-03-14-at-18-37-28-The-Lions-Circle-Nea-Fox-Book-1-eBook-Ellis-Amelia-Ward-Rachel-Amazon.co_.uk-Kindle-Store-1-475x706.png\" class=\"pt-cv-thumbnail img-thumbnail cvp-substitute skip-lazy \" alt=\"Der Kreis des L\u00f6wen\" title=\"\" \/><\/a><\/div><\/div><\/div><\/div><\/div>\t\t\t<style type=\"text\/css\" id=\"pt-cv-inline-style-99d80bauot\">#pt-cv-view-09eacb7r7j .pt-cv-href-thumbnail  { margin-left: auto !important; margin-right: auto !important; display: block !important; text-align: center !important; clear: both !important; }\n#pt-cv-view-09eacb7r7j .pt-cv-title a, #pt-cv-view-09eacb7r7j  .panel-title { font-family: 'Open Sans', Arial, serif !important; color: #6b96a8 !important; display: block !important; text-align: center !important; clear: both !important; }\n#pt-cv-view-09eacb7r7j .pt-cv-content , #pt-cv-view-09eacb7r7j  .pt-cv-content *:not(.pt-cv-readmore):not(style):not(script) { font-size: 16px !important; display: block !important; text-align: justify !important; clear: both !important; line-height: 20px !important; }\n#pt-cv-view-09eacb7r7j .pt-cv-readmore  { color: #ffffff !important; background-color: #6b96a8 !important; margin-left: auto !important; margin-right: auto !important; float: none !important; display: table !important; text-align: center !important; clear: both !important; }\n#pt-cv-view-09eacb7r7j .pt-cv-readmore:hover  { color: #ffffff !important; background-color: #6b96a8 !important; }\n.cvp-live-filter[data-sid='09eacb7r7j'] input[type=radio]:checked~div   { background-color: #6b96a8 !important; }\n#pt-cv-view-09eacb7r7j .cvp-responsive-image[style*=\"background-image\"] { width: 300px; max-height: 461px; overflow: hidden; aspect-ratio: 0.65075921908894 }\n#pt-cv-view-09eacb7r7j .cvp-responsive-image img { max-width: 300px; max-height: 461px; aspect-ratio: 0.65075921908894 }<\/style>\r\n\t\t\t<link href='\/\/fonts.googleapis.com\/css?family=Open+Sans' rel='stylesheet' type='text\/css'>\n<!--themify_builder_content-->\n<div id=\"themify_builder_content-2428\" data-postid=\"2428\" class=\"themify_builder_content themify_builder_content-2428 themify_builder tf_clear\">\n    <\/div>\n<!--\/themify_builder_content-->\n","protected":false},"excerpt":{"rendered":"<p>Ich \u00fcbersetze ein breites Spektrum an Belletristik &#8211; von Kriminalromanen (einschlie\u00dflich der Dagger Winning Charity Series) \u00fcber Fantasy bis hin zu Kinder- und Jugendliteratur. Klicken Sie auf ein Bild, um mehr \u00fcber das Buch zu erfahren.<\/p>\n","protected":false},"author":1,"featured_media":0,"parent":0,"menu_order":0,"comment_status":"closed","ping_status":"closed","template":"","meta":{"footnotes":""},"class_list":["post-2428","page","type-page","status-publish","hentry","has-post-title","has-post-date","has-post-category","has-post-tag","has-post-comment","has-post-author",""],"_links":{"self":[{"href":"https:\/\/www.forwardtranslations.co.uk\/de\/wp-json\/wp\/v2\/pages\/2428","targetHints":{"allow":["GET"]}}],"collection":[{"href":"https:\/\/www.forwardtranslations.co.uk\/de\/wp-json\/wp\/v2\/pages"}],"about":[{"href":"https:\/\/www.forwardtranslations.co.uk\/de\/wp-json\/wp\/v2\/types\/page"}],"author":[{"embeddable":true,"href":"https:\/\/www.forwardtranslations.co.uk\/de\/wp-json\/wp\/v2\/users\/1"}],"replies":[{"embeddable":true,"href":"https:\/\/www.forwardtranslations.co.uk\/de\/wp-json\/wp\/v2\/comments?post=2428"}],"version-history":[{"count":10,"href":"https:\/\/www.forwardtranslations.co.uk\/de\/wp-json\/wp\/v2\/pages\/2428\/revisions"}],"predecessor-version":[{"id":4603,"href":"https:\/\/www.forwardtranslations.co.uk\/de\/wp-json\/wp\/v2\/pages\/2428\/revisions\/4603"}],"wp:attachment":[{"href":"https:\/\/www.forwardtranslations.co.uk\/de\/wp-json\/wp\/v2\/media?parent=2428"}],"curies":[{"name":"wp","href":"https:\/\/api.w.org\/{rel}","templated":true}]}}