{"id":2280,"date":"2014-03-06T19:09:19","date_gmt":"2014-03-06T19:09:19","guid":{"rendered":"https:\/\/chrislangtest.online\/biography\/"},"modified":"2024-09-30T16:28:32","modified_gmt":"2024-09-30T15:28:32","slug":"biography","status":"publish","type":"page","link":"https:\/\/www.forwardtranslations.co.uk\/de\/","title":{"rendered":"Home"},"content":{"rendered":"<p><img loading=\"lazy\" decoding=\"async\" class=\"alignright wp-image-1610 size-medium\" src=\"https:\/\/forwardtranslations.co.uk\/wp-content\/uploads\/2024\/03\/Rachel-HIGH-018-475x713.jpg\" alt=\"\" width=\"475\" height=\"713\" srcset=\"https:\/\/www.forwardtranslations.co.uk\/wp-content\/uploads\/2024\/03\/Rachel-HIGH-018-475x713.jpg 475w, https:\/\/www.forwardtranslations.co.uk\/wp-content\/uploads\/2024\/03\/Rachel-HIGH-018-683x1024.jpg 683w, https:\/\/www.forwardtranslations.co.uk\/wp-content\/uploads\/2024\/03\/Rachel-HIGH-018-768x1152.jpg 768w, https:\/\/www.forwardtranslations.co.uk\/wp-content\/uploads\/2024\/03\/Rachel-HIGH-018-1024x1536.jpg 1024w, https:\/\/www.forwardtranslations.co.uk\/wp-content\/uploads\/2024\/03\/Rachel-HIGH-018-1365x2048.jpg 1365w, https:\/\/www.forwardtranslations.co.uk\/wp-content\/uploads\/2024\/03\/Rachel-HIGH-018-scaled.jpg 1707w\" sizes=\"auto, (max-width: 475px) 100vw, 475px\" \/><\/p>\n<p>Schon als Kind war ich ein B\u00fccherwurm und habe Wortspiele und Silbenr\u00e4tsel geliebt.<\/p>\n<p>In der Schule habe ich mein Flair f\u00fcr Sprachen entdeckt und mich daraufhin f\u00fcr ein Studium der modernen Sprachen an der University of East Anglia entschlossen.<\/p>\n<p>Mein drittes Studienjahr verbrachte ich als Fremdsprachenassistentin an zwei Gymnasien in Saarbr\u00fccken. In meinem letzten Studienjahr beschloss ich, dass ich die hier erworbenen F\u00e4higkeiten mit meiner Leidenschaft f\u00fcr Sprache und Literatur beruflich umsetzen wollte und schrieb mich f\u00fcr einen Masterstudiengang in literarischer \u00dcbersetzung an der University of East Anglia ein.<\/p>\n<p>Seit Abschluss meines \u00dcbersetzerstudiums bin ich in Norwich als freiberufliche \u00dcbersetzerin von literarischen und kreativen Texten aus dem Deutschen und Franz\u00f6sischen ins Englische t\u00e4tig.<\/p>\n<hr \/>\n<h2>Kinder- und Jugendb\u00fccher<\/h2>\n<div class=\"pt-cv-wrapper\"><div class=\"pt-cv-view pt-cv-grid pt-cv-colsys\" id=\"pt-cv-view-62bed33tyz\"><div data-id=\"pt-cv-page-1\" class=\"pt-cv-page\" data-cvc=\"3\"><div class=\"col-md-4 col-sm-6 col-xs-12 pt-cv-content-item pt-cv-1-col\"  data-pid=\"2386\"><div class='pt-cv-ifield'><a href=\"https:\/\/www.forwardtranslations.co.uk\/de\/traitor-by-gudrun-pausewang\/\" class=\"_self pt-cv-href-thumbnail pt-cv-thumb-default cvplbd cvp-responsive-image img-thumbnail\" target=\"_self\" data-iw=\"300\" data-ih=\"461\"><img decoding=\"async\" width=\"300\" src=\"https:\/\/forwardtranslations.co.uk\/wp-content\/uploads\/2024\/03\/942255.jpg\" class=\"pt-cv-thumbnail img-thumbnail cvp-substitute\" alt=\"Die Verr\u00e4terin\" title=\"\" \/><\/a><\/div><\/div>\n<div class=\"col-md-4 col-sm-6 col-xs-12 pt-cv-content-item pt-cv-1-col\"  data-pid=\"2382\"><div class='pt-cv-ifield'><a href=\"https:\/\/www.forwardtranslations.co.uk\/de\/how-mommy-met-daddy\/\" class=\"_self pt-cv-href-thumbnail pt-cv-thumb-default cvplbd cvp-responsive-image img-thumbnail\" target=\"_self\" data-iw=\"300\" data-ih=\"461\"><img decoding=\"async\" width=\"300\" src=\"https:\/\/forwardtranslations.co.uk\/wp-content\/uploads\/2024\/03\/51VJ1IZsSRL.jpg\" class=\"pt-cv-thumbnail img-thumbnail cvp-substitute\" alt=\"Wie Mama und Papa Verliebte wurden\" title=\"\" \/><\/a><\/div><\/div>\n<div class=\"col-md-4 col-sm-6 col-xs-12 pt-cv-content-item pt-cv-1-col\"  data-pid=\"2384\"><div class='pt-cv-ifield'><a href=\"https:\/\/www.forwardtranslations.co.uk\/de\/red-rage-by-brigitte-blobel\/\" class=\"_self pt-cv-href-thumbnail pt-cv-thumb-default cvplbd cvp-responsive-image img-thumbnail\" target=\"_self\" data-iw=\"300\" data-ih=\"461\"><img decoding=\"async\" width=\"300\" src=\"https:\/\/forwardtranslations.co.uk\/wp-content\/uploads\/2024\/03\/71dS36qGWLL._SL1500_-475x716.jpg\" class=\"pt-cv-thumbnail img-thumbnail cvp-substitute\" alt=\"Roter Zorn\" title=\"\" \/><\/a><\/div><\/div><\/div><\/div><\/div>\t\t\t<style type=\"text\/css\" id=\"pt-cv-inline-style-d60a08debo\">#pt-cv-view-62bed33tyz .pt-cv-href-thumbnail  { margin-left: auto !important; margin-right: auto !important; display: block !important; text-align: center !important; clear: both !important; }\n#pt-cv-view-62bed33tyz .pt-cv-title a, #pt-cv-view-62bed33tyz  .panel-title { font-weight: 600 !important; }\n#pt-cv-view-62bed33tyz .pt-cv-content , #pt-cv-view-62bed33tyz  .pt-cv-content *:not(.pt-cv-readmore):not(style):not(script) { font-size: 16px !important; display: block !important; text-align: justify !important; clear: both !important; line-height: 20px !important; }\n#pt-cv-view-62bed33tyz .pt-cv-readmore  { color: #ffffff !important; background-color: #6b96a8 !important; margin-left: auto !important; margin-right: auto !important; float: none !important; display: table !important; text-align: center !important; clear: both !important; }\n#pt-cv-view-62bed33tyz .pt-cv-readmore:hover  { color: #ffffff !important; background-color: #6b96a8 !important; }\n#pt-cv-view-62bed33tyz .cvp-responsive-image[style*=\"background-image\"] { width: 300px; max-height: 461px; overflow: hidden; aspect-ratio: 0.65075921908894 }\n#pt-cv-view-62bed33tyz .cvp-responsive-image img { max-width: 300px; max-height: 461px; aspect-ratio: 0.65075921908894 }<\/style>\r\n\t\t\t\n<hr \/>\n<h2><span class=\"HwtZe\" lang=\"de\"><span class=\"jCAhz ChMk0b\"><span class=\"ryNqvb\">Kunstb\u00fccher<\/span><\/span><\/span><\/h2>\n<div class=\"pt-cv-wrapper\"><div class=\"pt-cv-view pt-cv-grid pt-cv-colsys\" id=\"pt-cv-view-fb6d435i3m\"><div data-id=\"pt-cv-page-1\" class=\"pt-cv-page\" data-cvc=\"3\"><div class=\"col-md-4 col-sm-6 col-xs-12 pt-cv-content-item pt-cv-1-col\"  data-pid=\"2408\"><div class='pt-cv-ifield'><a href=\"https:\/\/www.forwardtranslations.co.uk\/de\/wartime-relations\/\" class=\"_self pt-cv-href-thumbnail pt-cv-thumb-default cvplbd cvp-responsive-image img-thumbnail\" target=\"_self\" data-iw=\"300\" data-ih=\"461\"><img decoding=\"async\" width=\"300\" src=\"https:\/\/forwardtranslations.co.uk\/wp-content\/uploads\/2024\/03\/Screenshot-2024-03-16-at-19-12-05-Wartime-Relations-Intimacy-Violence-and-Prostitution-in-Occupied-Poland-1939-1945-eBook-Roger-Maren-Ward-Rachel-Amazon.co_.uk-Books.png\" class=\"pt-cv-thumbnail img-thumbnail cvp-substitute\" alt=\"Kriegsbeziehungen\" title=\"\" \/><\/a><\/div><\/div>\n<div class=\"col-md-4 col-sm-6 col-xs-12 pt-cv-content-item pt-cv-1-col\"  data-pid=\"2410\"><div class='pt-cv-ifield'><a href=\"https:\/\/www.forwardtranslations.co.uk\/de\/a-great-artist-one-day-franz-kafka-as-a-pictorial-artist\/\" class=\"_self pt-cv-href-thumbnail pt-cv-thumb-default cvplbd cvp-responsive-image img-thumbnail\" target=\"_self\" data-iw=\"300\" data-ih=\"461\"><img decoding=\"async\" width=\"300\" src=\"https:\/\/forwardtranslations.co.uk\/wp-content\/uploads\/2024\/03\/301_Kafka_als_Zeichner_A_-9788072532360.jpg\" class=\"pt-cv-thumbnail img-thumbnail cvp-substitute\" alt=\"Einmal ein gro\u00dfer Zeichner\" title=\"\" \/><\/a><\/div><\/div>\n<div class=\"col-md-4 col-sm-6 col-xs-12 pt-cv-content-item pt-cv-1-col\"  data-pid=\"2418\"><div class='pt-cv-ifield'><a href=\"https:\/\/www.forwardtranslations.co.uk\/de\/mucha-an-illustrated-life\/\" class=\"_self pt-cv-href-thumbnail pt-cv-thumb-default cvplbd cvp-responsive-image img-thumbnail\" target=\"_self\" data-iw=\"300\" data-ih=\"461\"><img decoding=\"async\" width=\"300\" src=\"https:\/\/forwardtranslations.co.uk\/wp-content\/uploads\/2024\/03\/641_Mucha_E_9783899192414.jpg\" class=\"pt-cv-thumbnail img-thumbnail cvp-substitute\" alt=\"Mucha, Sein Leben in Wort und Bild\" title=\"\" \/><\/a><\/div><\/div><\/div><\/div><\/div>\t\t\t<style type=\"text\/css\" id=\"pt-cv-inline-style-6575c21pgj\">#pt-cv-view-fb6d435i3m .pt-cv-href-thumbnail  { margin-left: auto !important; margin-right: auto !important; display: block !important; text-align: center !important; clear: both !important; }\n#pt-cv-view-fb6d435i3m .pt-cv-title a, #pt-cv-view-fb6d435i3m  .panel-title { font-weight: 600 !important; }\n#pt-cv-view-fb6d435i3m .pt-cv-content , #pt-cv-view-fb6d435i3m  .pt-cv-content *:not(.pt-cv-readmore):not(style):not(script) { font-size: 16px !important; display: block !important; text-align: justify !important; clear: both !important; line-height: 20px !important; }\n#pt-cv-view-fb6d435i3m .pt-cv-readmore  { color: #ffffff !important; background-color: #6b96a8 !important; margin-left: auto !important; margin-right: auto !important; float: none !important; display: table !important; text-align: center !important; clear: both !important; }\n#pt-cv-view-fb6d435i3m .pt-cv-readmore:hover  { color: #ffffff !important; background-color: #6b96a8 !important; }\n#pt-cv-view-fb6d435i3m .cvp-responsive-image[style*=\"background-image\"] { width: 300px; max-height: 461px; overflow: hidden; aspect-ratio: 0.65075921908894 }\n#pt-cv-view-fb6d435i3m .cvp-responsive-image img { max-width: 300px; max-height: 461px; aspect-ratio: 0.65075921908894 }<\/style>\r\n\t\t\t\n<p>&nbsp;<\/p>\n<hr \/>\n<h2><span class=\"HwtZe\" lang=\"de\"><span class=\"jCAhz ChMk0b\"><span class=\"ryNqvb\">Krimis<\/span><\/span><\/span><\/h2>\n<div class=\"pt-cv-wrapper\"><div class=\"pt-cv-view pt-cv-grid pt-cv-colsys\" id=\"pt-cv-view-56f2ddaakr\"><div data-id=\"pt-cv-page-1\" class=\"pt-cv-page cv-npf\" data-cvc=\"3\"><div class=\"col-md-4 col-sm-6 col-xs-12 pt-cv-content-item pt-cv-1-col\"  data-pid=\"0\"><div class='pt-cv-ifield'><div class=\"pt-cv-no-post\">No posts found.<\/div><\/div><\/div><\/div><\/div><\/div>\t\t\t<style type=\"text\/css\" id=\"pt-cv-inline-style-9cffc43543\">#pt-cv-view-56f2ddaakr .pt-cv-href-thumbnail  { margin-left: auto !important; margin-right: auto !important; display: block !important; text-align: center !important; clear: both !important; }\n#pt-cv-view-56f2ddaakr .pt-cv-title a, #pt-cv-view-56f2ddaakr  .panel-title { font-weight: 600 !important; }\n#pt-cv-view-56f2ddaakr .pt-cv-content , #pt-cv-view-56f2ddaakr  .pt-cv-content *:not(.pt-cv-readmore):not(style):not(script) { font-size: 16px !important; display: block !important; text-align: justify !important; clear: both !important; line-height: 20px !important; }\n#pt-cv-view-56f2ddaakr .pt-cv-readmore  { color: #ffffff !important; background-color: #6b96a8 !important; margin-left: auto !important; margin-right: auto !important; float: none !important; display: table !important; text-align: center !important; clear: both !important; }\n#pt-cv-view-56f2ddaakr .pt-cv-readmore:hover  { color: #ffffff !important; background-color: #6b96a8 !important; }<\/style>\r\n\t\t\t\n<hr \/>\n<h2><span class=\"HwtZe\" lang=\"de\"><span class=\"jCAhz ChMk0b\"><span class=\"ryNqvb\">Belletristik<\/span><\/span><\/span><\/h2>\n<div class=\"pt-cv-wrapper\"><div class=\"pt-cv-view pt-cv-grid pt-cv-colsys\" id=\"pt-cv-view-02a1a7c4wu\"><div data-id=\"pt-cv-page-1\" class=\"pt-cv-page\" data-cvc=\"3\"><div class=\"col-md-4 col-sm-6 col-xs-12 pt-cv-content-item pt-cv-1-col\"  data-pid=\"2392\"><div class='pt-cv-ifield'><a href=\"https:\/\/www.forwardtranslations.co.uk\/de\/hotel-cartagena\/\" class=\"_self pt-cv-href-thumbnail pt-cv-thumb-default cvplbd cvp-responsive-image img-thumbnail\" target=\"_self\" data-iw=\"300\" data-ih=\"461\"><img decoding=\"async\" width=\"300\" src=\"https:\/\/www.forwardtranslations.co.uk\/wp-content\/uploads\/2024\/03\/9781913193546.webp\" class=\"pt-cv-thumbnail img-thumbnail cvp-substitute\" alt=\"Hotel Cartagena\" title=\"\" \/><\/a><\/div><\/div>\n<div class=\"col-md-4 col-sm-6 col-xs-12 pt-cv-content-item pt-cv-1-col\"  data-pid=\"4767\"><div class='pt-cv-ifield'><a href=\"https:\/\/www.forwardtranslations.co.uk\/de\/revolverherz\/\" class=\"_self pt-cv-href-thumbnail pt-cv-thumb-default cvplbd cvp-responsive-image img-thumbnail\" target=\"_self\" data-iw=\"300\" data-ih=\"461\"><img decoding=\"async\" width=\"300\" src=\"https:\/\/forwardtranslations.co.uk\/wp-content\/uploads\/2024\/07\/The-Acapulco.webp\" class=\"pt-cv-thumbnail img-thumbnail cvp-substitute\" alt=\"Revolverherz\" title=\"\" \/><\/a><\/div><\/div>\n<div class=\"col-md-4 col-sm-6 col-xs-12 pt-cv-content-item pt-cv-1-col\"  data-pid=\"2398\"><div class='pt-cv-ifield'><a href=\"https:\/\/www.forwardtranslations.co.uk\/de\/the-pearl-dragon-by-amelia-ellis\/\" class=\"_self pt-cv-href-thumbnail pt-cv-thumb-default cvplbd cvp-responsive-image img-thumbnail\" target=\"_self\" data-iw=\"300\" data-ih=\"461\"><img decoding=\"async\" width=\"300\" src=\"https:\/\/forwardtranslations.co.uk\/wp-content\/uploads\/2024\/03\/Screenshot-2024-03-14-at-18-38-20-The-Pearl-Dragon-Nea-Fox-Book-4-eBook-Ellis-Amelia-Ward-Rachel-Amazon.co_.uk-Kindle-Store-1-475x706.png\" class=\"pt-cv-thumbnail img-thumbnail cvp-substitute\" alt=\"Der Perldrache\" title=\"\" \/><\/a><\/div><\/div><\/div><\/div><\/div>\t\t\t<style type=\"text\/css\" id=\"pt-cv-inline-style-20cbb5dz0h\">#pt-cv-view-02a1a7c4wu .pt-cv-href-thumbnail  { margin-left: auto !important; margin-right: auto !important; display: block !important; text-align: center !important; clear: both !important; }\n#pt-cv-view-02a1a7c4wu .pt-cv-title a, #pt-cv-view-02a1a7c4wu  .panel-title { font-weight: 600 !important; }\n#pt-cv-view-02a1a7c4wu .pt-cv-content , #pt-cv-view-02a1a7c4wu  .pt-cv-content *:not(.pt-cv-readmore):not(style):not(script) { font-size: 16px !important; display: block !important; text-align: justify !important; clear: both !important; line-height: 20px !important; }\n#pt-cv-view-02a1a7c4wu .pt-cv-readmore  { color: #ffffff !important; background-color: #6b96a8 !important; margin-left: auto !important; margin-right: auto !important; float: none !important; display: table !important; text-align: center !important; clear: both !important; }\n#pt-cv-view-02a1a7c4wu .pt-cv-readmore:hover  { color: #ffffff !important; background-color: #6b96a8 !important; }\n#pt-cv-view-02a1a7c4wu .cvp-responsive-image[style*=\"background-image\"] { width: 300px; max-height: 461px; overflow: hidden; aspect-ratio: 0.65075921908894 }\n#pt-cv-view-02a1a7c4wu .cvp-responsive-image img { max-width: 300px; max-height: 461px; aspect-ratio: 0.65075921908894 }<\/style>\r\n\t\t\t\n<hr \/>\n<p>&nbsp;<\/p>\n<!--themify_builder_content-->\n<div id=\"themify_builder_content-2280\" data-postid=\"2280\" class=\"themify_builder_content themify_builder_content-2280 themify_builder tf_clear\">\n    <\/div>\n<!--\/themify_builder_content-->\n","protected":false},"excerpt":{"rendered":"<p>Schon als Kind war ich ein B\u00fccherwurm und habe Wortspiele und Silbenr\u00e4tsel geliebt. In der Schule habe ich mein Flair f\u00fcr Sprachen entdeckt und mich daraufhin f\u00fcr ein Studium der modernen Sprachen an der University of East Anglia entschlossen. Mein drittes Studienjahr verbrachte ich als Fremdsprachenassistentin an zwei Gymnasien in Saarbr\u00fccken. In meinem letzten Studienjahr [&hellip;]<\/p>\n","protected":false},"author":1,"featured_media":0,"parent":0,"menu_order":0,"comment_status":"closed","ping_status":"open","template":"","meta":{"footnotes":""},"class_list":["post-2280","page","type-page","status-publish","hentry","has-post-title","has-post-date","has-post-category","has-post-tag","has-post-comment","has-post-author",""],"_links":{"self":[{"href":"https:\/\/www.forwardtranslations.co.uk\/de\/wp-json\/wp\/v2\/pages\/2280","targetHints":{"allow":["GET"]}}],"collection":[{"href":"https:\/\/www.forwardtranslations.co.uk\/de\/wp-json\/wp\/v2\/pages"}],"about":[{"href":"https:\/\/www.forwardtranslations.co.uk\/de\/wp-json\/wp\/v2\/types\/page"}],"author":[{"embeddable":true,"href":"https:\/\/www.forwardtranslations.co.uk\/de\/wp-json\/wp\/v2\/users\/1"}],"replies":[{"embeddable":true,"href":"https:\/\/www.forwardtranslations.co.uk\/de\/wp-json\/wp\/v2\/comments?post=2280"}],"version-history":[{"count":10,"href":"https:\/\/www.forwardtranslations.co.uk\/de\/wp-json\/wp\/v2\/pages\/2280\/revisions"}],"predecessor-version":[{"id":5109,"href":"https:\/\/www.forwardtranslations.co.uk\/de\/wp-json\/wp\/v2\/pages\/2280\/revisions\/5109"}],"wp:attachment":[{"href":"https:\/\/www.forwardtranslations.co.uk\/de\/wp-json\/wp\/v2\/media?parent=2280"}],"curies":[{"name":"wp","href":"https:\/\/api.w.org\/{rel}","templated":true}]}}